{"id":92,"date":"2023-01-16T12:33:02","date_gmt":"2023-01-16T12:33:02","guid":{"rendered":"https:\/\/lacoursedusoleil.be.frattini.be\/?page_id=92"},"modified":"2023-01-23T11:30:26","modified_gmt":"2023-01-23T11:30:26","slug":"calendrier","status":"publish","type":"page","link":"https:\/\/lacoursedusoleil.be.frattini.be\/?page_id=92","title":{"rendered":""},"content":{"rendered":"\n<p><\/p>\n\n\n\n<p><\/p>\n\n\n\n<p>Voici les disponibilit\u00e9s pour le g\u00eete.<\/p>\n\n\n\n<p>Pour r\u00e9server en ligne veuillez <strong>cliquer un \u00e0 un les jours<\/strong> souhait\u00e9s et recopier le code de s\u00e9curit\u00e9 en bas de la page.<br>Pour r\u00e9server une nuit, s\u00e9lectionnez <strong>uniquement le jour<\/strong> de l&rsquo;arriv\u00e9e.<br><em>Ex. Pour une nuit du vendredi au samedi: s\u00e9lectionner uniquement le vendredi<\/em>.<br><br>Apr\u00e8s l&rsquo;envoie de la demande vous recevez rapidement un mail de confirmation, si ce n&rsquo;est pas le cas, contactez nous.<\/p>\n\n\n\n<div class=\"wp-block-columns is-layout-flex wp-container-core-columns-is-layout-28f84493 wp-block-columns-is-layout-flex\">\n<div class=\"wp-block-column is-layout-flow wp-block-column-is-layout-flow\" style=\"flex-basis:100%\">\n<div class=\"wp-block-booking-booking\"> <div id=\"form_id511908377760\" class=\"wpbc_container wpbc_form wpbc_container_booking_form \" ><form id=\"booking_form1\" class=\"booking_form vertical\" method=\"post\" action=\"\"><div id=\"ajax_respond_insert1\" class=\"ajax_respond_insert\" style=\"display:none;\"><\/div><a name=\"bklnk1\" id=\"bklnk1\"><\/a><div id=\"booking_form_div1\" class=\"booking_form_div\"><style type=\"text\/css\">.wpbc_container_booking_form .block_hints, .wpbc_booking_form_simple.wpbc_form_center .wpbc__form__div .wpbc__row.wpbc_r_calendar,  .wpbc_booking_form_simple .wpbc__form__div .wpbc__row:not(.wpbc_r_calendar){max-width:440px;} <\/style>\n<div class=\"wpbc_booking_form_simple \">\n    <div class=\"wpbc__form__div\">\n\t<div class=\"wpbc_r_calendar wpbc__row\">\n      <div class=\"wpbc_r_calendar wpbc__field\"> <div class=\"wpbc_calendar_wraper wpbc_change_over_triangle wpbc_calendar_skin_legacy\"><div class=\"wpbc_cal_container bk_calendar_frame wpbc_no_custom_width  months_num_in_row_ cal_month_num_2 wpbc_timeslot_day_bg_as_available\" style=\"\"><div id=\"calendar_booking1\"  class=\"wpbc_calendar_id_1\" >\n<style id=\"wpbc-inline-css-wpbc_calendar_loader_inline_css\">\n\/* Critical loader styles (scoped by class names) *\/\r\n\t.calendar_loader_frame {\r\n\t\twidth: calc(341px * var(--wpbc-loader-cols, 1));\r\n\t\tmax-width: 100%;\r\n\t\theight: 307px;\r\n\t\tdisplay: flex;\r\n\t\tflex-flow: column nowrap;\r\n\t\talign-items: center;\r\n\t\tjustify-content: center;\r\n\t\tborder-radius: 5px;\r\n\t\tbox-shadow: 0 0 2px #ccc;\r\n\t\tgap: 15px;\r\n\t\t\/* Calendar variables (safe fallbacks) *\/\r\n\t\tcolor: var(--wpbc_cal-available-text-color, #2c3e50);\r\n\t\tbackground: rgb(from var(--wpbc_cal-available-day-color, #e6f2ff) r g b \/ var(--wpbc_cal-day-bg-color-opacity, 1));\r\n\t\tborder: var(--wpbc_cal-day-cell-border-width, 1px) solid var(--wpbc_cal-available-day-color, #aacbeb);\r\n\t}\r\n\t.calendar_loader_text {\r\n\t\tfont-size: 18px;\r\n\t\ttext-align: center;\r\n\t}\r\n\t.calendar_loader_frame__progress_line_container {\r\n\t\twidth: 50%;\r\n\t\theight: 3px;\r\n\t\tmargin-top: 7px;\r\n\t\toverflow: hidden;\r\n\t\tbackground: #202020;\r\n\t\tborder-radius: 30px;\r\n\t}\r\n\t.calendar_loader_frame__progress_line {\r\n\t\twidth: 0%;\r\n\t\theight: 3px;\r\n\t\tbackground: #8ECE01;\r\n\t\tborder-radius: 30px;\r\n\t\tanimation: calendar_loader_bar_progress 3s infinite linear;\r\n\t}\r\n\t@keyframes calendar_loader_bar_progress {\r\n\t\tto { width: 100%; }\r\n\t}\r\n\t@media (prefers-reduced-motion: reduce) {\r\n\t\t.calendar_loader_frame__progress_line {\r\n\t\t\tanimation: none;\r\n\t\t\twidth: 50%;\r\n\t\t}\r\n\t}\n<\/style>\n\t<style id=\"wpbc_calendar_loader_inline_css\">\r\n\t\/* Critical loader styles (scoped by class names) *\/\r\n\t.calendar_loader_frame {\r\n\t\twidth: calc(341px * var(--wpbc-loader-cols, 1));\r\n\t\tmax-width: 100%;\r\n\t\theight: 307px;\r\n\t\tdisplay: flex;\r\n\t\tflex-flow: column nowrap;\r\n\t\talign-items: center;\r\n\t\tjustify-content: center;\r\n\t\tborder-radius: 5px;\r\n\t\tbox-shadow: 0 0 2px #ccc;\r\n\t\tgap: 15px;\r\n\t\t\/* Calendar variables (safe fallbacks) *\/\r\n\t\tcolor: var(--wpbc_cal-available-text-color, #2c3e50);\r\n\t\tbackground: rgb(from var(--wpbc_cal-available-day-color, #e6f2ff) r g b \/ var(--wpbc_cal-day-bg-color-opacity, 1));\r\n\t\tborder: var(--wpbc_cal-day-cell-border-width, 1px) solid var(--wpbc_cal-available-day-color, #aacbeb);\r\n\t}\r\n\t.calendar_loader_text {\r\n\t\tfont-size: 18px;\r\n\t\ttext-align: center;\r\n\t}\r\n\t.calendar_loader_frame__progress_line_container {\r\n\t\twidth: 50%;\r\n\t\theight: 3px;\r\n\t\tmargin-top: 7px;\r\n\t\toverflow: hidden;\r\n\t\tbackground: #202020;\r\n\t\tborder-radius: 30px;\r\n\t}\r\n\t.calendar_loader_frame__progress_line {\r\n\t\twidth: 0%;\r\n\t\theight: 3px;\r\n\t\tbackground: #8ECE01;\r\n\t\tborder-radius: 30px;\r\n\t\tanimation: calendar_loader_bar_progress 3s infinite linear;\r\n\t}\r\n\t@keyframes calendar_loader_bar_progress {\r\n\t\tto { width: 100%; }\r\n\t}\r\n\t@media (prefers-reduced-motion: reduce) {\r\n\t\t.calendar_loader_frame__progress_line {\r\n\t\t\tanimation: none;\r\n\t\t\twidth: 50%;\r\n\t\t}\r\n\t}\r\n\t<\/style>\r\n\t\t<div class=\"calendar_loader_frame calendar_loader_frame1\"\r\n\t\tdata-wpbc-rid=\"1\"\r\n\t\tdata-wpbc-grace=\"8000\"\r\n\t\tstyle=\"--wpbc-loader-cols: 2;\"\r\n\t>\r\n\t\t<div class=\"calendar_loader_text\">Loading...<\/div>\r\n\t\t<div class=\"calendar_loader_frame__progress_line_container\">\r\n\t\t\t<div class=\"calendar_loader_frame__progress_line\"><\/div>\r\n\t\t<\/div>\r\n\t<\/div>\r\n\t<\/div><\/div><div style=\"font-size:7px;text-align:left;margin:0 0 10px;text-shadow: none;\">Powered by <a href=\"https:\/\/wpbookingcalendar.com\" style=\"font-size:7px;\" target=\"_blank\" title=\"Booking Calendar plugin for WordPress\">Booking Calendar<\/a><\/div><textarea id=\"date_booking1\" name=\"date_booking1\" autocomplete=\"off\" style=\"display:none;\"><\/textarea><div class=\"block_hints datepick \"><div class=\"wpdev_hint_with_text\"><div class=\"\"><div class=\"datepick-inline wpbc_calendar_legend_table_width_height\"><table class=\"datepick wpbc_calendar\" style=\"\"><tbody><tr><td class=\"datepick-days-cell date_available wpbc_calendar_legend_day_cell_height\"><div class=\"wpbc-cell-box\">\t<div class=\"date-cell-content\">\t\t<div class=\"date-content-top\"><\/div>\t\t<a>&nbsp;<\/a>\t\t<div class=\"date-content-bottom\"><\/div>\t<\/div><\/div><\/td><\/tr><\/tbody><\/table><\/div><\/div><div class=\"block_text\">- <\/div><div class=\"block_text\">Disponible<\/div><\/div><div class=\"wpdev_hint_with_text\"><div class=\"\"><div class=\"datepick-inline wpbc_calendar_legend_table_width_height\"><table class=\"datepick wpbc_calendar\" style=\"\"><tbody><tr><td class=\"datepick-days-cell datepick-unselectable date_user_unavailable full_day_booking date_approved wpbc_calendar_legend_day_cell_height\"><div class=\"wpbc-cell-box\">\t<div class=\"date-cell-content\">\t\t<div class=\"date-content-top\"><\/div>\t\t<span>&nbsp;<\/span>\t\t<div class=\"date-content-bottom\"><\/div>\t<\/div><\/div><\/td><\/tr><\/tbody><\/table><\/div><\/div><div class=\"block_text\">- <\/div><div class=\"block_text\">R\u00e9serv\u00e9<\/div><\/div><div class=\"wpdev_hint_with_text\"><div class=\"\"><div class=\"datepick-inline wpbc_calendar_legend_table_width_height\"><table class=\"datepick wpbc_calendar\" style=\"\"><tbody><tr><td class=\"datepick-days-cell datepick-unselectable date_user_unavailable full_day_booking date2approve wpbc_calendar_legend_day_cell_height\"><div class=\"wpbc-cell-box\">\t<div class=\"date-cell-content\">\t\t<div class=\"date-content-top\"><\/div>\t\t<span>&nbsp;<\/span>\t\t<div class=\"date-content-bottom\"><\/div>\t<\/div><\/div><\/td><\/tr><\/tbody><\/table><\/div><\/div><div class=\"block_text\">- <\/div><div class=\"block_text\">En attente<\/div><\/div><div class=\"wpdev_hint_with_text\"><div class=\"\"><span class=\" wpbc_timeslot_day_bg_as_available wpbc_change_over_triangle\"><div class=\"datepick-inline wpbc_calendar_legend_table_width_height\"><table class=\"datepick wpbc_calendar\" style=\"\"><tbody><tr><td class=\"datepick-days-cell date_available date2approve timespartly times_clock wpbc_calendar_legend_day_cell_height\"><div class=\"wpbc-cell-box\">\t<div class=\"wpbc-diagonal-el\">\t\t<div class=\"wpbc-co-out\"><svg height=\"100%\" width=\"100%\" viewBox=\"0 0 100 100\" preserveAspectRatio=\"none\"><polygon points=\"0,0 0,99 99,0\"><\/polygon><polygon points=\"0,0 0,100 49,100 49,0\"><\/polygon><\/svg><\/div>\t\t<div class=\"wpbc-co-in\"><svg height=\"100%\" width=\"100%\" viewBox=\"0 0 98 98\" preserveAspectRatio=\"none\"><polygon points=\"0,99 99,99 99,0\"><\/polygon><polygon points=\"50,98 98,98 98,0 50,0\"><\/polygon><\/svg><\/div>\t<\/div>\t<div class=\"date-cell-content\">\t\t<div class=\"date-content-top\"><div class=\"wpbc_time_dots\">\u00b7<\/div><\/div>\t\t<a>&nbsp;<\/a>\t\t<div class=\"date-content-bottom\"><\/div>\t<\/div><\/div><\/td><\/tr><\/tbody><\/table><\/div><\/span><\/div><div class=\"block_text\">- <\/div><div class=\"block_text\">Partiellement r\u00e9serv\u00e9<\/div><\/div><\/div><\/div><\/div>\n\t<\/div>\n\t<div class=\"wpbc__row\">\n      <div class=\"wpbc_r_name wpbc__field\">  <label for=\"name1\">First Name*<\/label><br>   <input type=\"text\" name=\"name1\" id=\"name1\" class=\"input-xlarge wpdev-validates-as-required\" \/><\/div>\n\t<\/div>\n\t<div class=\"wpbc__row\">\n      <div class=\"wpbc_r_secondname wpbc__field\">  <label for=\"secondname1\">Last Name*<\/label><br>   <input type=\"text\" name=\"secondname1\" id=\"secondname1\" class=\"input-xlarge wpdev-validates-as-required\" \/><\/div>\n\t<\/div>\n\t<div class=\"wpbc__row\">\n      <div class=\"wpbc_r_email wpbc__field\">  <label for=\"email1\">Email*<\/label><br>   <input type=\"email\" name=\"email1\" id=\"email1\" class=\"input-xlarge wpdev-validates-as-email wpdev-validates-as-required wpdev-validates-as-required\" \/><\/div>\n\t<\/div>\n\t<div class=\"wpbc__row\">\n      <div class=\"wpbc_r_phone wpbc__field\">  <label for=\"phone1\">Phone<\/label><br>   <input type=\"text\" name=\"phone1\" id=\"phone1\" class=\"input-xlarge\" \/><\/div>\n\t<\/div>\n\t<div class=\"wpbc__row\">\n      <div class=\"wpbc_r_details wpbc__field\">  <label for=\"details1\">Details<\/label><br>   <textarea  rows=\"3\" name=\"details1\" id=\"details1\" class=\"input-xlarge\" ><\/textarea><\/div>\n\t<\/div>\n\t<div class=\"wpbc__row\">\n      <div class=\"wpbc_r_captcha wpbc__field\"> <span class=\"wpbc_text_captcha_container wpdev-form-control-wrap \"><input  autocomplete=\"off\" type=\"hidden\" name=\"wpdev_captcha_challenge_1\"  id=\"wpdev_captcha_challenge_1\" value=\"3912680714\" \/><input  autocomplete=\"off\" type=\"text\" class=\"captachinput\" value=\"\" name=\"captcha_input1\" id=\"captcha_input1\" \/><img decoding=\"async\" class=\"captcha_img\"  id=\"captcha_img1\" alt=\"To show CAPTCHA, please deactivate cache plugin or exclude this page from caching or disable CAPTCHA at WP Booking Calendar - Settings General page in Form Options section.\" src=\"https:\/\/lacoursedusoleil.be.frattini.be\/wp-content\/plugins\/booking\/js\/captcha\/tmp\/3912680714.png\" \/><\/span><\/div>\n\t<\/div>\n\t<div class=\"wpbc__row\">\n      <div class=\"wpbc_r_submit wpbc__field\"> <button class=\"wpbc_button_light\" type=\"button\" onclick=\"wpbc_booking_form_submit(this.form,1,'fr_FR');\" >Envoyer<\/button>\n<\/div>\n\t<\/div>\n    <\/div>\n<\/div><input id=\"bk_type1\" name=\"bk_type1\" class=\"\" type=\"hidden\" value=\"1\" \/><\/div><div id=\"submiting1\"><\/div><div class=\"form_bk_messages\" id=\"form_bk_messages1\" ><\/div><input type=\"hidden\" id=\"wpbc_nonceCALCULATE_THE_COST1\" name=\"wpbc_nonceCALCULATE_THE_COST1\" value=\"13011a1ab3\" \/><input type=\"hidden\" name=\"_wp_http_referer\" value=\"\/index.php?rest_route=%2Fwp%2Fv2%2Fpages%2F92\" \/><\/form><\/div><div id=\"booking_form_garbage1\" class=\"booking_form_garbage\"><\/div>\n<script id=\"wpbc-inline-js-wpbc-dup-calendar-warn-1\" type=\"text\/javascript\">\n(function() { var a = setInterval( function() {  if ( ( 'undefined' === typeof _wpbc ) || ( 'undefined' === typeof jQuery ) || ! window.jQuery ) { return; } clearInterval( a ); jQuery( document ).ready( function (){\njQuery(\".widget_wpdev_booking .booking_form.form-horizontal\").removeClass(\"form-horizontal\");\nvar calendars__on_this_page_list = _wpbc.get_other_param(\"calendars__on_this_page\") || [];\nvar visible_calendars_count = calendars__on_this_page_list.length;\nif (visible_calendars_count !== null) {\n  for (var i=0; i<visible_calendars_count; i++) {\n    if (_wpbc.get_other_param(\"calendars__on_this_page\")[i] === 1) {\n      console.log(\"%c%s\", \"color: #e77; font-weight:bold\", \"Warning! The booking calendar for this resource with the ID = 1 is already on the page. Find more details here: https:\\\/\\\/wpbookingcalendar.com\\\/faq\\\/why-the-booking-calendar-widget-not-show-on-page\\\/\");\n    }\n  }\n  _wpbc.get_other_param(\"calendars__on_this_page\")[visible_calendars_count] = 1;\n};\n} ); }, 500 ); })();\n<\/script>\n <script type=\"text\/javascript\"> (function() { var a = setInterval( function() {  if ( ( 'undefined' === typeof _wpbc ) || ( 'undefined' === typeof jQuery ) || ! window.jQuery ) { return; } clearInterval( a ); jQuery( document ).ready( function (){ _wpbc.balancer__set_max_threads( 3 );  _wpbc.calendar__set_param_value( 1 , 'calendar_scroll_to' , false );  _wpbc.calendar__set_param_value( 1 , 'calendar_dates_start' , \"\" );  _wpbc.calendar__set_param_value( 1 , 'calendar_dates_end'   , \"\" );  _wpbc.calendar__set_param_value( 1 , 'booking_max_monthes_in_calendar' , \"2y\" );  _wpbc.calendar__set_param_value( 1 , 'booking_start_day_weeek' , \"0\" );  _wpbc.calendar__set_param_value( 1 , 'calendar_number_of_months' , \"2\" );  _wpbc.calendar__set_param_value( 1, 'days_select_mode', \"multiple\" );  _wpbc.calendar__set_param_value( 1, 'fixed__days_num', 0 );  _wpbc.calendar__set_param_value( 1, 'fixed__week_days__start',   [] );  _wpbc.calendar__set_param_value( 1, 'dynamic__days_min', 0 );  _wpbc.calendar__set_param_value( 1, 'dynamic__days_max', 0 );  _wpbc.calendar__set_param_value( 1, 'dynamic__days_specific',    [] );  _wpbc.calendar__set_param_value( 1, 'dynamic__week_days__start', [] );  _wpbc.calendar__set_param_value( 1, 'booking_date_format', \"F j, Y\" );  _wpbc.calendar__set_param_value( 1, 'booking_time_format', \"g:i a\" );  if ( 'function' === typeof ( wpbc__conditions__SAVE_INITIAL__days_selection_params__bm ) ) { wpbc__conditions__SAVE_INITIAL__days_selection_params__bm( 1 ); }  wpbc_calendar_show(\"1\");  _wpbc.set_secure_param('nonce', \"a0faf0781b\");  _wpbc.set_secure_param('user_id', \"0\");  _wpbc.set_secure_param('locale', \"fr_FR\");  wpbc_calendar__load_data__ajx({\"resource_id\":1,\"booking_hash\":\"\",\"request_uri\":\"\\\/index.php?rest_route=wpv2pages92\",\"custom_form\":\"standard\",\"aggregate_resource_id_str\":\"\",\"aggregate_type\":\"all\"}); } ); }, 500 ); })();<\/script><\/div>\n<\/div>\n<\/div>\n\n\n\n<div class=\"wp-block-booking-booking\"><\/div>\n\n\n\n<p>Il arrive lors de la r\u00e9servation, que le site indique<em> 0 error<\/em> et demande <em>OK<\/em>. Mais votre demande est bien accept\u00e9e.<br>N&rsquo;h\u00e9sitez pas \u00e0 nous contacter si vous \u00e9prouvez des difficult\u00e9s pour r\u00e9server :<br><a href=\"mailto:lacoursedusoleil17@gmail.com?subject=Reservation%20Gite\">lacoursedusoleil17@gmail.com<\/a> \/ 0498 86 26 72 \/ 0494 15 11 10<\/p>\n\n\n\n<div class=\"wp-block-columns is-layout-flex wp-container-core-columns-is-layout-28f84493 wp-block-columns-is-layout-flex\">\n<div class=\"wp-block-column is-layout-flow wp-block-column-is-layout-flow\">\n<div class=\"wp-block-buttons is-layout-flex wp-block-buttons-is-layout-flex\">\n<div class=\"wp-block-button\"><a class=\"wp-block-button__link wp-element-button\" href=\"https:\/\/lacoursedusoleil.be.frattini.be\/\">RETOUR<\/a><\/div>\n\n\n\n<div class=\"wp-block-button\"><a class=\"wp-block-button__link wp-element-button\" href=\"mailto:lacoursedusoleil17@gmail.com?subject=Reservation Gite&quot;\">Nous contacter<\/a><\/div>\n<\/div>\n<\/div>\n<\/div>\n","protected":false},"excerpt":{"rendered":"<p>Voici les disponibilit\u00e9s pour le g\u00eete. Pour r\u00e9server en ligne veuillez cliquer un \u00e0 un les jours souhait\u00e9s et recopier le code de s\u00e9curit\u00e9 en bas de la page.Pour r\u00e9server une nuit, s\u00e9lectionnez uniquement le jour de l&rsquo;arriv\u00e9e.Ex. Pour une nuit du vendredi au samedi: s\u00e9lectionner uniquement le vendredi. Apr\u00e8s l&rsquo;envoie de la demande vous [&hellip;]<\/p>\n","protected":false},"author":1,"featured_media":0,"parent":0,"menu_order":0,"comment_status":"closed","ping_status":"closed","template":"","meta":{"site-sidebar-layout":"default","site-content-layout":"","ast-site-content-layout":"default","site-content-style":"default","site-sidebar-style":"default","ast-global-header-display":"","ast-banner-title-visibility":"","ast-main-header-display":"","ast-hfb-above-header-display":"","ast-hfb-below-header-display":"","ast-hfb-mobile-header-display":"","site-post-title":"disabled","ast-breadcrumbs-content":"","ast-featured-img":"","footer-sml-layout":"","ast-disable-related-posts":"","theme-transparent-header-meta":"","adv-header-id-meta":"","stick-header-meta":"","header-above-stick-meta":"","header-main-stick-meta":"","header-below-stick-meta":"","astra-migrate-meta-layouts":"default","ast-page-background-enabled":"default","ast-page-background-meta":{"desktop":{"background-color":"var(--ast-global-color-4)","background-image":"","background-repeat":"repeat","background-position":"center center","background-size":"auto","background-attachment":"scroll","background-type":"","background-media":"","overlay-type":"","overlay-color":"","overlay-opacity":"","overlay-gradient":""},"tablet":{"background-color":"","background-image":"","background-repeat":"repeat","background-position":"center center","background-size":"auto","background-attachment":"scroll","background-type":"","background-media":"","overlay-type":"","overlay-color":"","overlay-opacity":"","overlay-gradient":""},"mobile":{"background-color":"","background-image":"","background-repeat":"repeat","background-position":"center center","background-size":"auto","background-attachment":"scroll","background-type":"","background-media":"","overlay-type":"","overlay-color":"","overlay-opacity":"","overlay-gradient":""}},"ast-content-background-meta":{"desktop":{"background-color":"var(--ast-global-color-5)","background-image":"","background-repeat":"repeat","background-position":"center center","background-size":"auto","background-attachment":"scroll","background-type":"","background-media":"","overlay-type":"","overlay-color":"","overlay-opacity":"","overlay-gradient":""},"tablet":{"background-color":"var(--ast-global-color-5)","background-image":"","background-repeat":"repeat","background-position":"center center","background-size":"auto","background-attachment":"scroll","background-type":"","background-media":"","overlay-type":"","overlay-color":"","overlay-opacity":"","overlay-gradient":""},"mobile":{"background-color":"var(--ast-global-color-5)","background-image":"","background-repeat":"repeat","background-position":"center center","background-size":"auto","background-attachment":"scroll","background-type":"","background-media":"","overlay-type":"","overlay-color":"","overlay-opacity":"","overlay-gradient":""}},"footnotes":""},"class_list":["post-92","page","type-page","status-publish","hentry"],"yoast_head":"<!-- This site is optimized with the Yoast SEO plugin v26.7 - https:\/\/yoast.com\/wordpress\/plugins\/seo\/ -->\n<title>- La Course Du Soleil<\/title>\n<meta name=\"robots\" content=\"index, follow, max-snippet:-1, max-image-preview:large, max-video-preview:-1\" \/>\n<link rel=\"canonical\" href=\"https:\/\/lacoursedusoleil.be.frattini.be\/?page_id=92\" \/>\n<meta property=\"og:locale\" content=\"fr_FR\" \/>\n<meta property=\"og:type\" content=\"article\" \/>\n<meta property=\"og:title\" content=\"- La Course Du Soleil\" \/>\n<meta property=\"og:description\" content=\"Voici les disponibilit\u00e9s pour le g\u00eete. Pour r\u00e9server en ligne veuillez cliquer un \u00e0 un les jours souhait\u00e9s et recopier le code de s\u00e9curit\u00e9 en bas de la page.Pour r\u00e9server une nuit, s\u00e9lectionnez uniquement le jour de l&rsquo;arriv\u00e9e.Ex. Pour une nuit du vendredi au samedi: s\u00e9lectionner uniquement le vendredi. Apr\u00e8s l&rsquo;envoie de la demande vous [&hellip;]\" \/>\n<meta property=\"og:url\" content=\"https:\/\/lacoursedusoleil.be.frattini.be\/?page_id=92\" \/>\n<meta property=\"og:site_name\" content=\"La Course Du Soleil\" \/>\n<meta property=\"article:modified_time\" content=\"2023-01-23T11:30:26+00:00\" \/>\n<meta name=\"twitter:card\" content=\"summary_large_image\" \/>\n<meta name=\"twitter:label1\" content=\"Dur\u00e9e de lecture estim\u00e9e\" \/>\n\t<meta name=\"twitter:data1\" content=\"1 minute\" \/>\n<script type=\"application\/ld+json\" class=\"yoast-schema-graph\">{\"@context\":\"https:\/\/schema.org\",\"@graph\":[{\"@type\":\"WebPage\",\"@id\":\"https:\/\/lacoursedusoleil.be.frattini.be\/?page_id=92\",\"url\":\"https:\/\/lacoursedusoleil.be.frattini.be\/?page_id=92\",\"name\":\"- La Course Du Soleil\",\"isPartOf\":{\"@id\":\"https:\/\/lacoursedusoleil.be.frattini.be\/#website\"},\"datePublished\":\"2023-01-16T12:33:02+00:00\",\"dateModified\":\"2023-01-23T11:30:26+00:00\",\"inLanguage\":\"fr-FR\",\"potentialAction\":[{\"@type\":\"ReadAction\",\"target\":[\"https:\/\/lacoursedusoleil.be.frattini.be\/?page_id=92\"]}]},{\"@type\":\"WebSite\",\"@id\":\"https:\/\/lacoursedusoleil.be.frattini.be\/#website\",\"url\":\"https:\/\/lacoursedusoleil.be.frattini.be\/\",\"name\":\"La Course Du Soleil\",\"description\":\"\",\"potentialAction\":[{\"@type\":\"SearchAction\",\"target\":{\"@type\":\"EntryPoint\",\"urlTemplate\":\"https:\/\/lacoursedusoleil.be.frattini.be\/?s={search_term_string}\"},\"query-input\":{\"@type\":\"PropertyValueSpecification\",\"valueRequired\":true,\"valueName\":\"search_term_string\"}}],\"inLanguage\":\"fr-FR\"}]}<\/script>\n<!-- \/ Yoast SEO plugin. -->","yoast_head_json":{"title":"- La Course Du Soleil","robots":{"index":"index","follow":"follow","max-snippet":"max-snippet:-1","max-image-preview":"max-image-preview:large","max-video-preview":"max-video-preview:-1"},"canonical":"https:\/\/lacoursedusoleil.be.frattini.be\/?page_id=92","og_locale":"fr_FR","og_type":"article","og_title":"- La Course Du Soleil","og_description":"Voici les disponibilit\u00e9s pour le g\u00eete. Pour r\u00e9server en ligne veuillez cliquer un \u00e0 un les jours souhait\u00e9s et recopier le code de s\u00e9curit\u00e9 en bas de la page.Pour r\u00e9server une nuit, s\u00e9lectionnez uniquement le jour de l&rsquo;arriv\u00e9e.Ex. Pour une nuit du vendredi au samedi: s\u00e9lectionner uniquement le vendredi. Apr\u00e8s l&rsquo;envoie de la demande vous [&hellip;]","og_url":"https:\/\/lacoursedusoleil.be.frattini.be\/?page_id=92","og_site_name":"La Course Du Soleil","article_modified_time":"2023-01-23T11:30:26+00:00","twitter_card":"summary_large_image","twitter_misc":{"Dur\u00e9e de lecture estim\u00e9e":"1 minute"},"schema":{"@context":"https:\/\/schema.org","@graph":[{"@type":"WebPage","@id":"https:\/\/lacoursedusoleil.be.frattini.be\/?page_id=92","url":"https:\/\/lacoursedusoleil.be.frattini.be\/?page_id=92","name":"- La Course Du Soleil","isPartOf":{"@id":"https:\/\/lacoursedusoleil.be.frattini.be\/#website"},"datePublished":"2023-01-16T12:33:02+00:00","dateModified":"2023-01-23T11:30:26+00:00","inLanguage":"fr-FR","potentialAction":[{"@type":"ReadAction","target":["https:\/\/lacoursedusoleil.be.frattini.be\/?page_id=92"]}]},{"@type":"WebSite","@id":"https:\/\/lacoursedusoleil.be.frattini.be\/#website","url":"https:\/\/lacoursedusoleil.be.frattini.be\/","name":"La Course Du Soleil","description":"","potentialAction":[{"@type":"SearchAction","target":{"@type":"EntryPoint","urlTemplate":"https:\/\/lacoursedusoleil.be.frattini.be\/?s={search_term_string}"},"query-input":{"@type":"PropertyValueSpecification","valueRequired":true,"valueName":"search_term_string"}}],"inLanguage":"fr-FR"}]}},"_links":{"self":[{"href":"https:\/\/lacoursedusoleil.be.frattini.be\/index.php?rest_route=\/wp\/v2\/pages\/92","targetHints":{"allow":["GET"]}}],"collection":[{"href":"https:\/\/lacoursedusoleil.be.frattini.be\/index.php?rest_route=\/wp\/v2\/pages"}],"about":[{"href":"https:\/\/lacoursedusoleil.be.frattini.be\/index.php?rest_route=\/wp\/v2\/types\/page"}],"author":[{"embeddable":true,"href":"https:\/\/lacoursedusoleil.be.frattini.be\/index.php?rest_route=\/wp\/v2\/users\/1"}],"replies":[{"embeddable":true,"href":"https:\/\/lacoursedusoleil.be.frattini.be\/index.php?rest_route=%2Fwp%2Fv2%2Fcomments&post=92"}],"version-history":[{"count":19,"href":"https:\/\/lacoursedusoleil.be.frattini.be\/index.php?rest_route=\/wp\/v2\/pages\/92\/revisions"}],"predecessor-version":[{"id":155,"href":"https:\/\/lacoursedusoleil.be.frattini.be\/index.php?rest_route=\/wp\/v2\/pages\/92\/revisions\/155"}],"wp:attachment":[{"href":"https:\/\/lacoursedusoleil.be.frattini.be\/index.php?rest_route=%2Fwp%2Fv2%2Fmedia&parent=92"}],"curies":[{"name":"wp","href":"https:\/\/api.w.org\/{rel}","templated":true}]}}